{"id":137,"date":"2024-04-18T09:38:54","date_gmt":"2024-04-18T09:38:54","guid":{"rendered":"http:\/\/1bike.ro\/?post_type=product&#038;p=137"},"modified":"2024-07-19T16:01:28","modified_gmt":"2024-07-19T16:01:28","slug":"bicicleta-electrica-mondraker-prime-l","status":"publish","type":"product","link":"https:\/\/1bike.ro\/de\/produs\/bicicleta-electrica-mondraker-prime-l\/","title":{"rendered":"Biciclet\u0103 electric\u0103 Mondraker Prime &#8211; L"},"content":{"rendered":"<blockquote><p><strong>Recomandat pentru persoanele cu \u00een\u0103l\u021bimea \u00eentre:<\/strong> 175-190 cm<br \/>\n<strong>Lungime total\u0103:<\/strong> 194,8 cm<br \/>\n<strong>\u00cen\u0103l\u021bime ghidon<\/strong> (de la sol): 104,6 cm<br \/>\n<strong>Distan\u021ba \u00eentre \u0219a \u0219i ghidon:<\/strong> 67 cm<br \/>\n<strong>L\u0103\u021bime ghidon:<\/strong> 80 cm<br \/>\n<strong>\u00cen\u0103l\u021bime \u0219a:<\/strong> (de la sol) Min: 83,5 cm\/Max: 114 cm<br \/>\n<strong>Greutate:<\/strong> 22,5 kg<br \/>\n<strong>Display Bosch pentru gestionarea modurilor de ciclism:<\/strong> TURBO, SPORT, TUR, ECO \u0219i OFF<br \/>\n<strong>Viteza maxim\u0103 a motorului electric:<\/strong> 25km\/h<br \/>\n<strong>Autonomie baterie pe nivel mediu de putere (aproximativ):<\/strong> 60 km<\/p><\/blockquote>\n","protected":false},"excerpt":{"rendered":"<p>Recomandat pentru persoanele cu \u00een\u0103l\u021bimea \u00eentre: 175-190 cm Lungime total\u0103: 194,8 cm \u00cen\u0103l\u021bime ghidon (de la sol): 104,6 cm Distan\u021ba \u00eentre \u0219a \u0219i ghidon: 67 cm L\u0103\u021bime ghidon: 80 cm \u00cen\u0103l\u021bime \u0219a: (de la sol) Min: 83,5 cm\/Max: 114 cm Greutate: 22,5 kg Display Bosch pentru gestionarea modurilor de ciclism: TURBO, SPORT, TUR, ECO \u0219i [&hellip;]<\/p>\n","protected":false},"featured_media":156,"template":"","meta":[],"product_brand":[],"product_cat":[18],"product_tag":[],"class_list":{"0":"post-137","1":"product","2":"type-product","3":"status-publish","4":"has-post-thumbnail","6":"product_cat-biciclete-electrice","8":"first","9":"instock","10":"taxable","11":"shipping-taxable","12":"purchasable","13":"product-type-ovabrw_car_rental"},"yoast_head":"<!-- This site is optimized with the Yoast SEO plugin v27.3 - https:\/\/yoast.com\/product\/yoast-seo-wordpress\/ -->\n<title>Biciclet\u0103 electric\u0103 Mondraker Prime - L - One Bike<\/title>\n<meta name=\"robots\" content=\"index, follow, max-snippet:-1, max-image-preview:large, max-video-preview:-1\" \/>\n<link rel=\"canonical\" href=\"https:\/\/1bike.ro\/produs\/bicicleta-electrica-mondraker-prime-l\/\" \/>\n<meta property=\"og:locale\" content=\"de_DE\" \/>\n<meta property=\"og:type\" content=\"article\" \/>\n<meta property=\"og:title\" content=\"Biciclet\u0103 electric\u0103 Mondraker Prime - L - One Bike\" \/>\n<meta property=\"og:description\" content=\"Recomandat pentru persoanele cu \u00een\u0103l\u021bimea \u00eentre: 175-190 cm Lungime total\u0103: 194,8 cm \u00cen\u0103l\u021bime ghidon (de la sol): 104,6 cm Distan\u021ba \u00eentre \u0219a \u0219i ghidon: 67 cm L\u0103\u021bime ghidon: 80 cm \u00cen\u0103l\u021bime \u0219a: (de la sol) Min: 83,5 cm\/Max: 114 cm Greutate: 22,5 kg Display Bosch pentru gestionarea modurilor de ciclism: TURBO, SPORT, TUR, ECO \u0219i [&hellip;]\" \/>\n<meta property=\"og:url\" content=\"https:\/\/1bike.ro\/produs\/bicicleta-electrica-mondraker-prime-l\/\" \/>\n<meta property=\"og:site_name\" content=\"One Bike\" \/>\n<meta property=\"article:publisher\" content=\"https:\/\/www.facebook.com\/people\/1BIKE-%c3%8enchiriere-biciclete-electrice\/100086758146768\/6758146768\" \/>\n<meta property=\"article:modified_time\" content=\"2024-07-19T16:01:28+00:00\" \/>\n<meta property=\"og:image\" content=\"https:\/\/1bike.ro\/wp-content\/uploads\/2024\/04\/Mondraker-Prime.jpg\" \/>\n\t<meta property=\"og:image:width\" content=\"900\" \/>\n\t<meta property=\"og:image:height\" content=\"900\" \/>\n\t<meta property=\"og:image:type\" content=\"image\/jpeg\" \/>\n<meta name=\"twitter:card\" content=\"summary_large_image\" \/>\n<meta name=\"twitter:label1\" content=\"Gesch\u00e4tzte Lesezeit\" \/>\n\t<meta name=\"twitter:data1\" content=\"1\u00a0Minute\" \/>\n<script type=\"application\/ld+json\" class=\"yoast-schema-graph\">{\"@context\":\"https:\\\/\\\/schema.org\",\"@graph\":[{\"@type\":\"WebPage\",\"@id\":\"https:\\\/\\\/1bike.ro\\\/produs\\\/bicicleta-electrica-mondraker-prime-l\\\/\",\"url\":\"https:\\\/\\\/1bike.ro\\\/produs\\\/bicicleta-electrica-mondraker-prime-l\\\/\",\"name\":\"Biciclet\u0103 electric\u0103 Mondraker Prime - L - One Bike\",\"isPartOf\":{\"@id\":\"https:\\\/\\\/1bike.ro\\\/#website\"},\"primaryImageOfPage\":{\"@id\":\"https:\\\/\\\/1bike.ro\\\/produs\\\/bicicleta-electrica-mondraker-prime-l\\\/#primaryimage\"},\"image\":{\"@id\":\"https:\\\/\\\/1bike.ro\\\/produs\\\/bicicleta-electrica-mondraker-prime-l\\\/#primaryimage\"},\"thumbnailUrl\":\"https:\\\/\\\/1bike.ro\\\/wp-content\\\/uploads\\\/2024\\\/04\\\/Mondraker-Prime.jpg\",\"datePublished\":\"2024-04-18T09:38:54+00:00\",\"dateModified\":\"2024-07-19T16:01:28+00:00\",\"breadcrumb\":{\"@id\":\"https:\\\/\\\/1bike.ro\\\/produs\\\/bicicleta-electrica-mondraker-prime-l\\\/#breadcrumb\"},\"inLanguage\":\"de\",\"potentialAction\":[{\"@type\":\"ReadAction\",\"target\":[\"https:\\\/\\\/1bike.ro\\\/produs\\\/bicicleta-electrica-mondraker-prime-l\\\/\"]}]},{\"@type\":\"ImageObject\",\"inLanguage\":\"de\",\"@id\":\"https:\\\/\\\/1bike.ro\\\/produs\\\/bicicleta-electrica-mondraker-prime-l\\\/#primaryimage\",\"url\":\"https:\\\/\\\/1bike.ro\\\/wp-content\\\/uploads\\\/2024\\\/04\\\/Mondraker-Prime.jpg\",\"contentUrl\":\"https:\\\/\\\/1bike.ro\\\/wp-content\\\/uploads\\\/2024\\\/04\\\/Mondraker-Prime.jpg\",\"width\":900,\"height\":900,\"caption\":\"Mondraker Prime\"},{\"@type\":\"BreadcrumbList\",\"@id\":\"https:\\\/\\\/1bike.ro\\\/produs\\\/bicicleta-electrica-mondraker-prime-l\\\/#breadcrumb\",\"itemListElement\":[{\"@type\":\"ListItem\",\"position\":1,\"name\":\"Home\",\"item\":\"https:\\\/\\\/1bike.ro\\\/\"},{\"@type\":\"ListItem\",\"position\":2,\"name\":\"\u00cenchirieri Biciclete\",\"item\":\"https:\\\/\\\/1bike.ro\\\/inchirieri-biciclete\\\/\"},{\"@type\":\"ListItem\",\"position\":3,\"name\":\"Biciclet\u0103 electric\u0103 Mondraker Prime &#8211; L\"}]},{\"@type\":\"WebSite\",\"@id\":\"https:\\\/\\\/1bike.ro\\\/#website\",\"url\":\"https:\\\/\\\/1bike.ro\\\/\",\"name\":\"One Bike\",\"description\":\"\",\"publisher\":{\"@id\":\"https:\\\/\\\/1bike.ro\\\/#organization\"},\"potentialAction\":[{\"@type\":\"SearchAction\",\"target\":{\"@type\":\"EntryPoint\",\"urlTemplate\":\"https:\\\/\\\/1bike.ro\\\/?s={search_term_string}\"},\"query-input\":{\"@type\":\"PropertyValueSpecification\",\"valueRequired\":true,\"valueName\":\"search_term_string\"}}],\"inLanguage\":\"de\"},{\"@type\":\"Organization\",\"@id\":\"https:\\\/\\\/1bike.ro\\\/#organization\",\"name\":\"ONEBIKE\",\"alternateName\":\"\u00cenchirieri Biciclete Electrice Bra\u0219ov.\",\"url\":\"https:\\\/\\\/1bike.ro\\\/\",\"logo\":{\"@type\":\"ImageObject\",\"inLanguage\":\"de\",\"@id\":\"https:\\\/\\\/1bike.ro\\\/#\\\/schema\\\/logo\\\/image\\\/\",\"url\":\"http:\\\/\\\/1bike.ro\\\/wp-content\\\/uploads\\\/2024\\\/04\\\/Group-16.svg\",\"contentUrl\":\"http:\\\/\\\/1bike.ro\\\/wp-content\\\/uploads\\\/2024\\\/04\\\/Group-16.svg\",\"width\":176,\"height\":150,\"caption\":\"ONEBIKE\"},\"image\":{\"@id\":\"https:\\\/\\\/1bike.ro\\\/#\\\/schema\\\/logo\\\/image\\\/\"},\"sameAs\":[\"https:\\\/\\\/www.facebook.com\\\/people\\\/1BIKE-\u00cenchiriere-biciclete-electrice\\\/100086758146768\\\/6758146768\"]}]}<\/script>\n<!-- \/ Yoast SEO plugin. -->","yoast_head_json":{"title":"Biciclet\u0103 electric\u0103 Mondraker Prime - L - One Bike","robots":{"index":"index","follow":"follow","max-snippet":"max-snippet:-1","max-image-preview":"max-image-preview:large","max-video-preview":"max-video-preview:-1"},"canonical":"https:\/\/1bike.ro\/produs\/bicicleta-electrica-mondraker-prime-l\/","og_locale":"de_DE","og_type":"article","og_title":"Biciclet\u0103 electric\u0103 Mondraker Prime - L - One Bike","og_description":"Recomandat pentru persoanele cu \u00een\u0103l\u021bimea \u00eentre: 175-190 cm Lungime total\u0103: 194,8 cm \u00cen\u0103l\u021bime ghidon (de la sol): 104,6 cm Distan\u021ba \u00eentre \u0219a \u0219i ghidon: 67 cm L\u0103\u021bime ghidon: 80 cm \u00cen\u0103l\u021bime \u0219a: (de la sol) Min: 83,5 cm\/Max: 114 cm Greutate: 22,5 kg Display Bosch pentru gestionarea modurilor de ciclism: TURBO, SPORT, TUR, ECO \u0219i [&hellip;]","og_url":"https:\/\/1bike.ro\/produs\/bicicleta-electrica-mondraker-prime-l\/","og_site_name":"One Bike","article_publisher":"https:\/\/www.facebook.com\/people\/1BIKE-%c3%8enchiriere-biciclete-electrice\/100086758146768\/6758146768","article_modified_time":"2024-07-19T16:01:28+00:00","og_image":[{"width":900,"height":900,"url":"https:\/\/1bike.ro\/wp-content\/uploads\/2024\/04\/Mondraker-Prime.jpg","type":"image\/jpeg"}],"twitter_card":"summary_large_image","twitter_misc":{"Gesch\u00e4tzte Lesezeit":"1\u00a0Minute"},"schema":{"@context":"https:\/\/schema.org","@graph":[{"@type":"WebPage","@id":"https:\/\/1bike.ro\/produs\/bicicleta-electrica-mondraker-prime-l\/","url":"https:\/\/1bike.ro\/produs\/bicicleta-electrica-mondraker-prime-l\/","name":"Biciclet\u0103 electric\u0103 Mondraker Prime - L - One Bike","isPartOf":{"@id":"https:\/\/1bike.ro\/#website"},"primaryImageOfPage":{"@id":"https:\/\/1bike.ro\/produs\/bicicleta-electrica-mondraker-prime-l\/#primaryimage"},"image":{"@id":"https:\/\/1bike.ro\/produs\/bicicleta-electrica-mondraker-prime-l\/#primaryimage"},"thumbnailUrl":"https:\/\/1bike.ro\/wp-content\/uploads\/2024\/04\/Mondraker-Prime.jpg","datePublished":"2024-04-18T09:38:54+00:00","dateModified":"2024-07-19T16:01:28+00:00","breadcrumb":{"@id":"https:\/\/1bike.ro\/produs\/bicicleta-electrica-mondraker-prime-l\/#breadcrumb"},"inLanguage":"de","potentialAction":[{"@type":"ReadAction","target":["https:\/\/1bike.ro\/produs\/bicicleta-electrica-mondraker-prime-l\/"]}]},{"@type":"ImageObject","inLanguage":"de","@id":"https:\/\/1bike.ro\/produs\/bicicleta-electrica-mondraker-prime-l\/#primaryimage","url":"https:\/\/1bike.ro\/wp-content\/uploads\/2024\/04\/Mondraker-Prime.jpg","contentUrl":"https:\/\/1bike.ro\/wp-content\/uploads\/2024\/04\/Mondraker-Prime.jpg","width":900,"height":900,"caption":"Mondraker Prime"},{"@type":"BreadcrumbList","@id":"https:\/\/1bike.ro\/produs\/bicicleta-electrica-mondraker-prime-l\/#breadcrumb","itemListElement":[{"@type":"ListItem","position":1,"name":"Home","item":"https:\/\/1bike.ro\/"},{"@type":"ListItem","position":2,"name":"\u00cenchirieri Biciclete","item":"https:\/\/1bike.ro\/inchirieri-biciclete\/"},{"@type":"ListItem","position":3,"name":"Biciclet\u0103 electric\u0103 Mondraker Prime &#8211; L"}]},{"@type":"WebSite","@id":"https:\/\/1bike.ro\/#website","url":"https:\/\/1bike.ro\/","name":"One Bike","description":"","publisher":{"@id":"https:\/\/1bike.ro\/#organization"},"potentialAction":[{"@type":"SearchAction","target":{"@type":"EntryPoint","urlTemplate":"https:\/\/1bike.ro\/?s={search_term_string}"},"query-input":{"@type":"PropertyValueSpecification","valueRequired":true,"valueName":"search_term_string"}}],"inLanguage":"de"},{"@type":"Organization","@id":"https:\/\/1bike.ro\/#organization","name":"ONEBIKE","alternateName":"\u00cenchirieri Biciclete Electrice Bra\u0219ov.","url":"https:\/\/1bike.ro\/","logo":{"@type":"ImageObject","inLanguage":"de","@id":"https:\/\/1bike.ro\/#\/schema\/logo\/image\/","url":"http:\/\/1bike.ro\/wp-content\/uploads\/2024\/04\/Group-16.svg","contentUrl":"http:\/\/1bike.ro\/wp-content\/uploads\/2024\/04\/Group-16.svg","width":176,"height":150,"caption":"ONEBIKE"},"image":{"@id":"https:\/\/1bike.ro\/#\/schema\/logo\/image\/"},"sameAs":["https:\/\/www.facebook.com\/people\/1BIKE-\u00cenchiriere-biciclete-electrice\/100086758146768\/6758146768"]}]}},"_links":{"self":[{"href":"https:\/\/1bike.ro\/de\/wp-json\/wp\/v2\/product\/137","targetHints":{"allow":["GET"]}}],"collection":[{"href":"https:\/\/1bike.ro\/de\/wp-json\/wp\/v2\/product"}],"about":[{"href":"https:\/\/1bike.ro\/de\/wp-json\/wp\/v2\/types\/product"}],"wp:featuredmedia":[{"embeddable":true,"href":"https:\/\/1bike.ro\/de\/wp-json\/wp\/v2\/media\/156"}],"wp:attachment":[{"href":"https:\/\/1bike.ro\/de\/wp-json\/wp\/v2\/media?parent=137"}],"wp:term":[{"taxonomy":"product_brand","embeddable":true,"href":"https:\/\/1bike.ro\/de\/wp-json\/wp\/v2\/product_brand?post=137"},{"taxonomy":"product_cat","embeddable":true,"href":"https:\/\/1bike.ro\/de\/wp-json\/wp\/v2\/product_cat?post=137"},{"taxonomy":"product_tag","embeddable":true,"href":"https:\/\/1bike.ro\/de\/wp-json\/wp\/v2\/product_tag?post=137"}],"curies":[{"name":"wp","href":"https:\/\/api.w.org\/{rel}","templated":true}]}}